{"id":531,"date":"2017-06-23T18:24:40","date_gmt":"2017-06-23T17:24:40","guid":{"rendered":"http:\/\/www.hybriditesfrancechine.com\/cn\/?page_id=531"},"modified":"2017-06-23T18:52:45","modified_gmt":"2017-06-23T17:52:45","slug":"%e6%9d%8e%e5%87%9d","status":"publish","type":"page","link":"http:\/\/www.hybriditesfrancechine.com\/cn\/partenaires\/%e8%89%ba%e6%9c%af%e5%ae%b6\/%e6%9d%8e%e5%87%9d\/","title":{"rendered":"\u674e\u51dd"},"content":{"rendered":"<hr \/>\n<p><a href=\"http:\/\/www.hybriditesfrancechine.com\/cn\/wp-content\/uploads\/sites\/3\/2017\/06\/c8997de513c04b0a93d18e6d03e4b434_th.jpg\"><img decoding=\"async\" loading=\"lazy\" class=\"aligncenter wp-image-526 \" src=\"http:\/\/www.hybriditesfrancechine.com\/cn\/wp-content\/uploads\/sites\/3\/2017\/06\/c8997de513c04b0a93d18e6d03e4b434_th.jpg\" alt=\"\" width=\"605\" height=\"430\" \/><\/a><\/p>\n<p>&nbsp;<\/p>\n<p>\u674e\u51dd\u751f\u4e8e1972\u5e74, \u662f\u4e00\u540d\u516c\u5171\u620f\u5267\u53d1\u8d77\u4eba\u3001\u5267\u573a&amp;\u7535\u5f71\u5bfc\u6f14\u3001\u80a2\u4f53\u6559\u80b2\u5bb6&amp;\u620f\u5267\u7597\u6108\u5bfc\u5e08\u3001\u96d5\u5851\u4ee5\u53ca\u88c5\u7f6e\u827a\u672f\u5bb6\u3002<\/p>\n<p>\u968f\u7740\u8d8a\u6765\u8d8a\u591a\u7684\u4f5c\u54c1\u53d7\u9080\u4e8e\u91cd\u8981\u7684\u827a\u672f\u8282\uff08\u6216\u7535\u5f71\u8282\uff09\u4e0a\u53d1\u8868\u5e76\u9891\u83b7\u5956\u9879\u6216\u5f15\u53d1\u4e89\u8bae\uff0c\u674e\u51dd\u5df2\u6210\u4e3a\u4e2d\u56fd\u5b9e\u9a8c\u7535\u5f71\u4e0e\u80a2\u4f53\u5267\u573a\u9886\u57df\u7684\u4ee3\u8868\u4eba\u7269\uff0c\u6bd5\u4e1a\u4e8e\u7f8e\u672f\u5b66\u9662\u96d5\u5851\u4e13\u4e1a\uff0c1997\u5e74\u5373\u6210\u7acb\u81ea\u5df1\u7684\u827a\u672f\u56e2\u4f53\u201c\u51cc\u4e91\u7130\u5b9e\u9a8c\u5267\u56e2\u201cJ-Town Physical Guerrillas\u201d\uff0c\u5de1\u56de\u6f14\u51fa\u4e8e\u5317\u4eac\u3001\u4e0a\u6d77\u3001\u9999\u6e2f\u3001\u6b27\u6d32\u2026.\u518d\u5230\u4ed6\u5982\u4eca\u5df2\u7ecf\u8d70\u5411\u4e16\u754c\u7684\u201cj\u57ce\u5236\u9020\u201d(Made In J-town )\u7535\u5f71\u5b9e\u9a8c\u5ba4\uff0c20\u5e74\u6765\u59cb\u7ec8\u8fdb\u884c\u7740\u4e2d\u56fd\u5267\u573a\u548c\u7535\u5f71\u754c\u6700\u524d\u6cbf\u7684\u63a2\u7d22\u7814\u7a76\u3002<\/p>\n<p>\u5728\u957f\u671f\u7684\u521b\u9020\u6027\u5de5\u4f5c\u4e2d\uff0c\u4ed6\u8fd8\u6ce8\u91cd\u603b\u7ed3\u8eab\u4f53\u7684\u8bad\u7ec3\u65b9\u6cd5\u7814\u7a76\uff0c\u4ece\u81ea\u8eab\u9020\u578b\u827a\u672f\u7684\u80cc\u666f\u51fa\u53d1\uff0c\u7ed3\u5408\u7f8e\u672f\u7684\u89c2\u5bdf\u601d\u7ef4\u548c\u6982\u5ff5\uff0c\u5f00\u521b\u51fa\u4e00\u79cd\u5d2d\u65b0\u7684\u8eab\u4f53\u8bad\u7ec3\u8bfe\u7a0b\u201c\u80a2\u4f53\u5199\u751f\u5267\u573a(Drawing Life Theater)\u201d\uff0c\u4f7f\u666e\u901a\u4eba\u53ef\u4ee5\u5f88\u5feb\u8fdb\u5165\u5f53\u4ee3\u827a\u672f\u7684\u5927\u95e8\uff0c\u5bf9\u4e8e\u4ea7\u54c1\u7814\u53d1\u90e8\u95e8\u5de5\u4f5c\u8005\u4e5f\u5927\u6709\u88e8\u76ca\uff0c\u76ee\u524d\u4ed6\u6b63\u5728\u5404\u5730\u9ad8\u6821\u4ee5\u53ca\u4f01\u4e1a\u4e2d\u79ef\u6781\u63a8\u5e7f\uff0c\u67b6\u8bbe\u8d77\u666e\u901a\u4eba\u4e0e\u5f53\u4ee3\u827a\u672f\u4e4b\u95f4\u7684\u6865\u6881\u3002<\/p>\n<p>\u4e2d\u592e\u7f8e\u9662\u3001\u4e2d\u56fd\u7f8e\u9662\u3001\u6e56\u5317\u7f8e\u9662\u7b49\u5168\u56fd\u5404\u5927\u7f8e\u9662\u53ca\u9ad8\u6821\u9020\u578b\u827a\u672f\u3001\u5de5\u4e1a\u3001\u73af\u5883\u3001\u5efa\u7b51\u8bbe\u8ba1\u7b49\u4e13\u4e1a\u7279\u8058\u4ed6\u4e3a\u5ba2\u5ea7\u6559\u6388\uff0c\u957f\u671f\u5f00\u8bbe\u5de5\u4f5c\u574a\u53ca\u8bfe\u7a0b\uff0c\u76ee\u7684\u5373\u662f\u8ba9\u5b66\u751f\u901a\u8fc7\u8eab\u4f53\u827a\u672f\u53ca\u80a2\u4f53\u5267\u573a\u8bad\u7ec3\u6fc0\u53d1\u521b\u9020\u529b\uff0c\u5e76\u5c06\u672c\u4e13\u4e1a\u524d\u77bb\u6027\u53ca\u65f6\u4e0e\u4eba\u4f53\u5de5\u7a0b\u5b66\u7cfb\u7edf&amp;\u7f8e\u5b66\u7684\u8fdb\u5316\u4fdd\u6301\u4e00\u81f4 \u3002<\/p>\n<p>\u4ed6\u7684\u4f5c\u54c1\u53ca\u827a\u672f\u8bba\u8ff0\u5728\u6c11\u95f4\u5e7f\u6cdb\u6d41\u4f20\uff0c\u5728\u5e74\u8f7b\u4e00\u4ee3\u53ca\u6587\u827a\u9752\u5e74\u4e2d\u9887\u6709\u5f71\u54cd\u3002<\/p>\n<p>\u4e8e2016\u5e74\u5e94\u9080\u51fa\u4efb\u676d\u5dde\u9752\u5e74\u5267\u56e2\u827a\u672f\u603b\u76d1\u4e00\u804c\uff0c\u5c06\u5d2d\u65b0\u8bad\u7ec3\u521b\u4f5c\u4f53\u7cfb\u5f15\u5165\u66f4\u591a\u804c\u4e1a\u5267\u56e2\u3002<\/p>\n<p>\u5c24\u5176\u8fd1\u5e74\u53d7\u9080\u4e8e\u963f\u59c6\u65af\u7279\u4e39\u201cJULIDANS\u201d\u56fd\u9645\u827a\u672f\u8282\uff0c\u745e\u58eb\u7684\u201cCLUTURE SCAPE\u201d\u827a\u672f\u8282\u8fdb\u884c\u8868\u6f14\u548c\u653e\u6620\\\u4ea4\u6d41\u6d3b\u52a8\u3002\u81ea2010\u5e74\u8d77,\u4ed6\u8fd8\u53d7\u9080\u53c2\u4e0e\u6cd5\u56fdIlimitrof Company\u60c5\u5883\u5267\u56e2\u7684\u521b\u7f16\u5de5\u4f5c\uff0c\u5728\u5965\u5229\u4e9a\u514b\u60c5\u666f\u827a\u672f\u8282\u3001\u6bd4\u5229\u65f6\u6839\u7279\u827a\u672f\u8282\u3001\u82f1\u56fd\u65af\u6258\u514b \u4e4c\u9547\u56fd\u9645\u620f\u5267\u8282\u7b49\u5927\u578b\u827a\u672f\u8282\u5de1\u56de\u6f14\u51fa\u3002<\/p>\n<p>\u4f5c\u4e3a\u4e00\u4e2a\u72ec\u5177\u773c\u5149\u7684\u7b56\u5212\u8005\uff0c\u4ed6\u53c2\u4e0e\u7b79\u5212\u4e2d\u56fd\u9996\u4e2a\u4e61\u6751\u620f\u5267\u8282\uff08\u6f4d\u574a\uff09\u4efb\u827a\u672f\u987e\u95ee\uff0c\u5e76\u53d1\u8d77\u548c\u5efa\u6784\u5168\u56fd\u6587\u827a\u590d\u5174\u4e61\u6751\u5e73\u53f0\u7f51\u7edc\uff1b\u5404\u79cd\u5f71\u50cf\u6d3b\u52a8\u53ca\u8868\u6f14\u6d3b\u52a8\u3002<\/p>\n<p>\u674e\u51dd\u591a\u6b21\u83b7\u5f97\u5404\u56fd\u57fa\u91d1\u4f1a\u7684\u8d44\u52a9\u4ee5\u5b8c\u6210\u5176\u5267\u573a\u6216\u7535\u5f71\u4f5c\u54c1\uff0c\u6bd4\u5982\u8377\u5170\u7684Done \u57fa\u91d1\u4f1a\uff08\u66fe\u4e8e2006\u30012007\u30012008\uff0c3\u5e74\u8fde\u7eed\u7ed9\u4e88\u674e\u51dd\u548c\u51cc\u4e91\u7130\u652f\u6301\uff09\uff0c\u6b27\u76df\u6587\u5316\u9879\u76eeChin-A-Moves\uff0c\u4ee5\u53ca\u4e2d\u56fd\u72ec\u7acb\u7535\u5f71\u57fa\u91d1Indie Cinema Fund\u7b49\u7b49\u3002<\/p>\n<p>&nbsp;<\/p>\n<p>\u5173\u4e8e\u4ed6\u7684\u827a\u672f\u56e2\u961f\u201c\u51cc\u4e91\u7130\u80a2\u4f53\u6e38\u51fb\u961f\u201d\u7b80\u4ecb:<\/p>\n<p><a href=\"http:\/\/www.hybriditesfrancechine.com\/cn\/wp-content\/uploads\/sites\/3\/2017\/06\/539086f7jw1e8qgp5bmzyj2050050aa8.jpg\"><img decoding=\"async\" loading=\"lazy\" class=\" wp-image-533 alignleft\" src=\"http:\/\/www.hybriditesfrancechine.com\/cn\/wp-content\/uploads\/sites\/3\/2017\/06\/539086f7jw1e8qgp5bmzyj2050050aa8.jpg\" alt=\"\" width=\"243\" height=\"243\" \/><\/a><\/p>\n<p>\u51cc\u4e91\u7130\uff08The Physical Guerrillas\uff09\u662f\u4eab\u8a89\u56fd\u5185\u5916\u7684\u8457\u540d\u827a\u672f\u56e2\u4f53,\u4ee3\u8868\u4e86\u4e2d\u56fd\u80a2\u4f53\u5267\u573a\u53ca\u5b9e\u9a8c\u7535\u5f71\u7684\u6700\u9ad8\u6c34\u5e73;\u8fd9\u652f\u5728\u5267\u573a\u8868\u6f14\u548c\u516c\u5171\u7a7a\u95f4\u8868\u6f14\u9886\u57df\u505a\u51fa\u4e0d\u51e1\u6218\u7ee9\u7684\u521b\u4f5c\u56e2\u961f\uff0c\u7531\u827a\u672f\u603b\u76d1\u674e\u51dd\u7684\u5e26\u9886\uff0c\u53d7\u9080\u53c2\u52a0\u4e86\u591a\u5e74\u6765\u6700\u5177\u4eba\u6c14\u548c\u53e3\u7891\u7684\u5404\u5927\u516c\u5171\u827a\u672f\u8282\uff0c\u6bd4\u5982:\u6cd5\u56fd\u5965\u5229\u4e9a\u514b\u60c5\u5883\u827a\u672f\u8282\u3001\u6bd4\u5229\u65f6\u6839\u7279\u827a\u672f\u8282\u3001 \u4e3d\u6c5fCOART\u4e9a\u6d32\u827a\u672f\u8282\u3001\u4e4c\u9547\u56fd\u9645\u620f\u5267\u8282\u3001\u6df1\u5733\u6e7e\u827a\u7a57\u8282\u7b49\uff0c\u5176\u72ec\u7279\u7684\u4f5c\u54c1\u6781\u5177\u51b2\u51fb\u529b\u7684\u73b0\u573a\uff0c\u6bcf\u6bcf\u4e3a\u5f53\u5730\u89c2\u4f17\u5e26\u6765\u4e0e\u4f20\u7edf\u620f\u5267\u975e\u4e00\u822c\u7684\u4eab\u53d7\u4e0e\u4f53\u9a8c\uff0c\u5e76\u540c\u65f6\u5f15\u53d1\u7f51\u7edc\u70ed\u8bae\uff0c\u4e3a\u4e3b\u529e\u65b9\u5e26\u6765\u793e\u4f1a\u5f71\u54cd\u53ca\u65b0\u95fb\u5173\u6ce8\u4ef7\u503c;<\/p>\n<p>&nbsp;<\/p>\n<p>\u51cc\u4e91\u7130\u5728\u57ce\u5e02\u4e0e\u4e61\u6751\u3001\u793e\u4f1a\u4e0e\u81ea\u7136\u3001\u827a\u672f\u548c\u751f\u6d3b\u4e4b\u95f4\u7684\u4ea4\u53c9\u8de8\u754c\u5730\u5e26\u4e0d\u61c8\u5de5\u4f5c\uff0c\u662f\u4e3a\u666e\u7f57\u5927\u4f17\u5949\u732e\u4e0e\u56fd\u9645\u5ba1\u7f8e\u63a5\u8f68\u7684\u524d\u536b\u620f\u5267\u8868\u6f14\uff0c\u6b64\u4ea6\u666e\u53ca\u771f\u6b63\u7684\u5148\u8fdb\u6587\u5316;<\/p>\n<p>\u00ab\u00a0\u4e0a\u5f97\u6218\u573a\uff0c\u4e0b\u5f97\u5267\u573a\u00a0\u00bb\uff1a\u65e2\u53ef\u5728\u827a\u672f\u9886\u57df\u8c61\u7259\u5854\u5185\u63a2\u7d22\u7eaf\u7cb9\u7f8e\u5b66\uff1b\u4ea6\u53ef\u8d70\u4e0a\u8857\u5934\u548c\u516c\u5171\u7a7a\u95f4\u548c\u6c11\u4f17\u4e00\u8d77\uff0c\u63a8\u52a8\u4e2d\u56fd\u7684\u6c11\u4e3b\u5316\u3001\u73b0\u4ee3\u5316\u8fdb\u7a0b\u3002<\/p>\n<p>\u5728\u56fd\u9645\u8303\u56f4\u5185\uff0c\u4ed6\u4eec\u53c2\u4e0e\u5404\u79cd\u827a\u672f\u8282&amp;\u7535\u5f71\u8282\u83b7\u5f97\u8d5e\u8a89\u5956\u9879\u4f17\u591a\uff0c\u5e76\u4e0d\u65ad\u5f15\u53d1\u5173\u6ce8\u548c\u8ba8\u8bba;<\/p>\n<p>\u8fd9\u4e2a\u56e2\u4f53\u5df2\u4f5c\u4e3a\u5f53\u4ee3\u4e2d\u56fd\u6c11\u95f4\u5267\u56e2\u7684\u5178\u578b\u6848\u4f8b\uff0c\u88ab\u5199\u5165\u6b27\u7f8e\u7b49\u827a\u672f\u5b66\u9662\u7684\u76f8\u5173\u6559\u6750\uff0c\u4ee5\u4f9b\u5e08\u751f\u7814\u7a76\u3002<\/p>\n<p>&nbsp;<\/p>\n<p><strong>\u53c2\u5c55\u53ca\u827a\u672f\u8282\u5e74\u8868\uff1a<\/strong><\/p>\n<p>2016\u5e74<\/p>\n<p>\u6f4d\u574a\u4e61\u6751\u620f\u5267\u8282<\/p>\n<p>\u6cd5\u56fd\u963f\u7ef4\u5c3c\u7fc1\u620f\u5267\u8282<\/p>\n<p>\u4e4c\u9547\u56fd\u9645\u620f\u5267\u8282\u73af\u5883\u620f\u5267\u5f00\u5e55\u4f5c\u54c1<\/p>\n<p>\u91cd\u5e86\u201c\u5f02\u8d28\u91cd\u751f\u201d\u5f53\u4ee3\u827a\u672f\u5c55<\/p>\n<p>2015\u5e74<\/p>\n<p>\u5317\u4eac\u56fd\u9645\u9752\u5e74\u620f\u5267\u8282<\/p>\n<p>\u6210\u90fd\u201c\u91cd\u8981\u7684\u4e0d\u662f\u8eab\u4f53\u201d\u827a\u672f\u8282<\/p>\n<p>2014\u5e74<\/p>\n<p>\u4e2d\u56fd\u4e4c\u9547\u620f\u5267\u8282<\/p>\n<p>\u6d77\u53e3\u9752\u5e74\u5b9e\u9a8c\u827a\u672f\u8282<\/p>\n<p>\u97e9\u56fd\u9996\u5c14B;om\u827a\u672f\u8282<\/p>\n<p>\u5357\u4eac\u836f\u827a\u672f\u9986 \u7075\u9b42\u4e4b\u8eaf\u5c55\u89c8<\/p>\n<p>2013\u5e74<\/p>\n<p>\u4e1c\u4eac\u5267\u573a\u827a\u672f\u8282<\/p>\n<p>\u9999\u6e2f\u72ec\u7acb\u7535\u5f71\u8282<\/p>\n<p>\u4e2d\u7f8e5+5\u5f53\u4ee3\u827a\u672f\u5c55<\/p>\n<p>\u4e3d\u6c5fCOART\u4e9a\u6d32\u827a\u672f\u8282<\/p>\n<p>2012\u5e74<\/p>\n<p>\u4e2d\u56fd\u6df1\u5733\u6e7e\u827a\u7a57\u8282<\/p>\n<p>\u5df4\u897f\u201c\u5f53\u4ee3\u821e\u8e48\u8282\u201d\uff1aFestival Contempor\u00e2neo de Dan\u00e7a in S\u00e3o Paulo 2012 , Brazil.<\/p>\n<p>\u6cd5\u56fd\u745f\u5821\u201c\u6625\u5929\u827a\u672f\u8282\u201d\uff1aSPRING FESTIVAL 2012\uff0cCherbourg.France<\/p>\n<p>\u5fb7\u56fd\u201c\u821e\u8e48\u5e73\u53f0\u201d\uff1aTanzplattform in Dresden 2012\uff0cGerman.<\/p>\n<p>\u65e5\u672c\u4e1c\u4eac\u5267\u573a\u827a\u672f\u8282\uff1aFestival\/Tokyo 2012.<\/p>\n<p>2010\u5e74<\/p>\n<p>\u745e\u58eb\u201c\u6587\u5316\u98ce\u666f\u201d\u827a\u672f\u8282\uff1aCulture Scape 2010\uff0cSwitzerland<\/p>\n<p>\u6cd5\u56fd\u5404\u5730\u827a\u672f\u8282\uff1a<\/p>\n<p>Aurillac Art Festival 2010\uff0c Aurillac France \u5965\u91cc\u4e9a\u514b\u60c5\u666f\u827a\u672f\u8282<\/p>\n<p>\u6bd4\u5229\u65f6\u6839\u7279\u827a\u672f\u8282\uff1aGhent Arts Festival 2010\uff0cBelgium<\/p>\n<p>2008\u5e74<\/p>\n<p>\u9999\u6e2f\u4e59\u57ce\u8282\uff1aCity Festival 2008\uff0cHongKong<\/p>\n<p>\u8377\u5170 \u683c\u7f57\u5b81\u6839\u4e2d\u56fd\u5f53\u4ee3\u827a\u672f\u5c55 Chinese Contemporary Art Exhibition, 2008\uff0c Groningen, Netherlands<\/p>\n<p>2007\u5e74<\/p>\n<p>\u963f\u59c6\u65af\u7279\u4e39\u201c\u590f\u5929\u821e\u8e48\u8282\u201d\uff1aJulidans Festival, 2007\uff0c Amsterdam, Netherlands<\/p>\n<p>&nbsp;<\/p>\n<p><strong>\u83b7\u5f97\u4e3b\u8981\u5956\u9879\uff1a<\/strong><\/p>\n<p>-\u5267\u573a\u65b9\u9762\uff1a<\/p>\n<p>2002\u2019\u80a2\u4f53\u620f\u5267\u300a\u68a6\u3001\u7ef3\u7d22\u3001\u9e1f\u86cb(Dream.\/Cord\/Bird egg)\u300b\u83b7\u5f97\u5317\u4eac\u56fd\u9645\u73b0\u4ee3\u821e\u5468\u91d1\u5956<\/p>\n<p>2007\u2019\u300a\u80f6\u5e26\u65e5The Day of Tape\u300b\u83b7\u4e0a\u6d77\u6982\u5ff5\u827a\u672f\u8282(Shaihai Idea Festival)\u6700\u4f73\u521b\u610f\u5956\u3002<\/p>\n<p>2010\u2019 \u6cd5\u56fd\u5965\u5229\u4e9a\u514b\u827a\u672f\u8282\u00a0\u00bb\u7279\u522b\u8363\u8a89\u00a0\u00bb\u8bc1\u4e66<\/p>\n<p>2011\u2019\u5317\u4eac\u56fd\u9645\u9752\u5e74\u620f\u5267\u8282\u201c\u6700\u4f73\u8de8\u754c\u5b9e\u9a8c\u5956\u201d<\/p>\n<p>-\u7535\u5f71\u65b9\u9762\uff1a<\/p>\n<p>2007\u2019\u83b7\u5f97\u4e0a\u6d77\u8ff7\u4ed3\u81ea\u7531\u7535\u5f71\u8282\u5927\u5956<\/p>\n<p>2007: 1966\/1986\/2006 &#8211; highest honors at Shanghai Mecooon Freedom Film Festival<\/p>\n<p>2009\u2019\u300a\u5730\u8c8c(Land forms 2)\u300b\u5728\u610f\u5927\u5229\u90fd\u7075\u540c\u5fd7\u56fd\u9645\u7535\u5f71\u8282(the 24th edition of the Torino International Gay &amp; Lesbian Film Festival)\u5165\u56f4\u3002<\/p>\n<p>\u97e9\u56fd\u6c49\u57ce\u4e3e\u529e\u674e\u51dd\u7535\u5f71\u4f5c\u54c1\u5355\u5143\u5c55\u6620\uff0c<\/p>\n<p>2010\u2019\u300a\u80f6\u5e26\u300b\u5165\u56f4\u9e7f\u7279\u4e39\u56fd\u9645\u7535\u5f71\u8282\u5149\u660e\u672a\u6765\u5355\u5143<\/p>\n<p>2011.The 40th Independt Film Festival Rotterdam, Official Selection<\/p>\n<p>2011\u2019\u300a\u80f6\u5e26\u300b\u53d7\u9080\u5728\u7f8e\u56fd\u7ebd\u7ea6\u73b0\u4ee3\u827a\u672f\u535a\u7269\u9986\uff08MoMa\uff09\u653e\u6620\uff0c\u4ee5\u53ca\u5165\u56f4\u97e9\u56fd\u5168\u5dde\u56fd\u9645\u7535\u5f71\u8282\u3002The 10th MoMA Documentary Fortnight, Official Selection<\/p>\n<p>2011\u2019\u83b7\u5f97\u4e91\u4e4b\u5357\u7eaa\u5f55\u7247\u7535\u5f71\u8282\u201d\u5e7b\u9762\u5956\u201d<\/p>\n<p>The 5th YunFes Documentary Festival, Silver Digital Award<\/p>\n<p>\u4f5c\u54c1\u300a\u80f6\u5e26\u300b\u88ab\u5168\u7403\u8fd150\u6240\u5927\u5b66\u56fe\u4e66\u9986\u4ee5\u53ca\u7f8e\u672f\u9986\u535a\u7269\u9986\u6536\u85cf\u3002<\/p>\n","protected":false},"excerpt":{"rendered":"<p>&nbsp; \u674e\u51dd\u751f\u4e8e1972\u5e74, \u662f\u4e00\u540d\u516c\u5171\u620f\u5267\u53d1\u8d77\u4eba\u3001\u5267\u573a&amp;\u7535\u5f71\u5bfc\u6f14\u3001\u80a2\u4f53\u6559\u80b2\u5bb6&amp;\u620f\u5267\u7597\u6108\u5bfc\u5e08\u3001\u96d5\u5851\u4ee5\u53ca\u88c5\u7f6e\u827a\u672f\u5bb6\u3002 \u968f\u7740\u8d8a\u6765\u8d8a\u591a\u7684\u4f5c\u54c1\u53d7\u9080\u4e8e\u91cd\u8981\u7684\u827a\u672f\u8282\uff08\u6216\u7535\u5f71\u8282\uff09\u4e0a\u53d1\u8868\u5e76\u9891\u83b7\u5956\u9879\u6216\u5f15\u53d1\u4e89\u8bae\uff0c\u674e\u51dd\u5df2\u6210\u4e3a\u4e2d\u56fd\u5b9e\u9a8c\u7535\u5f71\u4e0e\u80a2\u4f53\u5267\u573a\u9886\u57df\u7684\u4ee3\u8868\u4eba\u7269\uff0c\u6bd5\u4e1a\u4e8e\u7f8e\u672f\u5b66\u9662\u96d5\u5851\u4e13\u4e1a\uff0c1997\u5e74\u5373\u6210\u7acb\u81ea\u5df1\u7684\u827a\u672f\u56e2\u4f53\u201c\u51cc\u4e91\u7130\u5b9e\u9a8c\u5267\u56e2\u201cJ-Town Physical Guerrillas\u201d\uff0c\u5de1\u56de\u6f14\u51fa\u4e8e\u5317\u4eac\u3001\u4e0a\u6d77\u3001\u9999\u6e2f\u3001\u6b27\u6d32\u2026.\u518d\u5230\u4ed6\u5982\u4eca\u5df2\u7ecf\u8d70\u5411\u4e16\u754c\u7684\u201cj\u57ce\u5236\u9020\u201d(Made In J-town )\u7535\u5f71\u5b9e\u9a8c\u5ba4\uff0c20\u5e74\u6765\u59cb\u7ec8\u8fdb\u884c\u7740\u4e2d\u56fd\u5267\u573a\u548c\u7535\u5f71\u754c\u6700\u524d\u6cbf\u7684\u63a2\u7d22\u7814\u7a76\u3002 \u5728\u957f\u671f\u7684\u521b\u9020\u6027\u5de5\u4f5c\u4e2d\uff0c\u4ed6\u8fd8\u6ce8\u91cd\u603b\u7ed3\u8eab\u4f53\u7684\u8bad\u7ec3\u65b9\u6cd5\u7814\u7a76\uff0c\u4ece\u81ea\u8eab\u9020\u578b\u827a\u672f\u7684\u80cc\u666f\u51fa\u53d1\uff0c\u7ed3\u5408\u7f8e\u672f\u7684\u89c2\u5bdf\u601d\u7ef4\u548c\u6982\u5ff5\uff0c\u5f00\u521b\u51fa\u4e00\u79cd\u5d2d\u65b0\u7684\u8eab\u4f53\u8bad\u7ec3\u8bfe\u7a0b\u201c\u80a2\u4f53\u5199\u751f\u5267\u573a(Drawing Life Theater)\u201d\uff0c\u4f7f\u666e\u901a\u4eba\u53ef\u4ee5\u5f88\u5feb\u8fdb\u5165\u5f53\u4ee3\u827a\u672f\u7684\u5927\u95e8\uff0c\u5bf9\u4e8e\u4ea7\u54c1\u7814\u53d1\u90e8\u95e8\u5de5\u4f5c\u8005\u4e5f\u5927\u6709\u88e8\u76ca\uff0c\u76ee\u524d\u4ed6\u6b63\u5728\u5404\u5730\u9ad8\u6821\u4ee5\u53ca\u4f01\u4e1a\u4e2d\u79ef\u6781\u63a8\u5e7f\uff0c\u67b6\u8bbe\u8d77\u666e\u901a\u4eba\u4e0e\u5f53\u4ee3\u827a\u672f\u4e4b\u95f4\u7684\u6865\u6881\u3002 \u4e2d\u592e\u7f8e\u9662\u3001\u4e2d\u56fd\u7f8e\u9662\u3001\u6e56\u5317\u7f8e\u9662\u7b49\u5168\u56fd\u5404\u5927\u7f8e\u9662\u53ca\u9ad8\u6821\u9020\u578b\u827a\u672f\u3001\u5de5\u4e1a\u3001\u73af\u5883\u3001\u5efa\u7b51\u8bbe\u8ba1\u7b49\u4e13\u4e1a\u7279\u8058\u4ed6\u4e3a\u5ba2\u5ea7\u6559\u6388\uff0c\u957f\u671f\u5f00\u8bbe\u5de5\u4f5c\u574a\u53ca\u8bfe\u7a0b\uff0c\u76ee\u7684\u5373\u662f\u8ba9\u5b66\u751f\u901a\u8fc7\u8eab\u4f53\u827a\u672f\u53ca\u80a2\u4f53\u5267\u573a\u8bad\u7ec3\u6fc0\u53d1\u521b\u9020\u529b\uff0c\u5e76\u5c06\u672c\u4e13\u4e1a\u524d\u77bb\u6027\u53ca\u65f6\u4e0e\u4eba\u4f53\u5de5\u7a0b\u5b66\u7cfb\u7edf&amp;\u7f8e\u5b66\u7684\u8fdb\u5316\u4fdd\u6301\u4e00\u81f4 \u3002 \u4ed6\u7684\u4f5c\u54c1\u53ca\u827a\u672f\u8bba\u8ff0\u5728\u6c11\u95f4\u5e7f\u6cdb\u6d41\u4f20\uff0c\u5728\u5e74\u8f7b\u4e00\u4ee3\u53ca\u6587\u827a\u9752\u5e74\u4e2d\u9887\u6709\u5f71\u54cd\u3002 \u4e8e2016\u5e74\u5e94\u9080\u51fa\u4efb\u676d\u5dde\u9752\u5e74\u5267\u56e2\u827a\u672f\u603b\u76d1\u4e00\u804c\uff0c\u5c06\u5d2d\u65b0\u8bad\u7ec3\u521b\u4f5c\u4f53\u7cfb\u5f15\u5165\u66f4\u591a\u804c\u4e1a\u5267\u56e2\u3002 \u5c24\u5176\u8fd1\u5e74\u53d7\u9080\u4e8e\u963f\u59c6\u65af\u7279\u4e39\u201cJULIDANS\u201d\u56fd\u9645\u827a\u672f\u8282\uff0c\u745e\u58eb\u7684\u201cCLUTURE SCAPE\u201d\u827a\u672f\u8282\u8fdb\u884c\u8868\u6f14\u548c\u653e\u6620\\\u4ea4\u6d41\u6d3b\u52a8\u3002\u81ea2010\u5e74\u8d77,\u4ed6\u8fd8\u53d7\u9080\u53c2\u4e0e\u6cd5\u56fdIlimitrof Company\u60c5\u5883\u5267\u56e2\u7684\u521b\u7f16\u5de5\u4f5c\uff0c\u5728\u5965\u5229\u4e9a\u514b\u60c5\u666f\u827a\u672f\u8282\u3001\u6bd4\u5229\u65f6\u6839\u7279\u827a\u672f\u8282\u3001\u82f1\u56fd\u65af\u6258\u514b \u4e4c\u9547\u56fd\u9645\u620f\u5267\u8282\u7b49\u5927\u578b\u827a\u672f\u8282\u5de1\u56de\u6f14\u51fa\u3002 \u4f5c\u4e3a\u4e00\u4e2a\u72ec\u5177\u773c\u5149\u7684\u7b56\u5212\u8005\uff0c\u4ed6\u53c2\u4e0e\u7b79\u5212\u4e2d\u56fd\u9996\u4e2a\u4e61\u6751\u620f\u5267\u8282\uff08\u6f4d\u574a\uff09\u4efb\u827a\u672f\u987e\u95ee\uff0c\u5e76\u53d1\u8d77\u548c\u5efa\u6784\u5168\u56fd\u6587\u827a\u590d\u5174\u4e61\u6751\u5e73\u53f0\u7f51\u7edc\uff1b\u5404\u79cd\u5f71\u50cf\u6d3b\u52a8\u53ca\u8868\u6f14\u6d3b\u52a8\u3002 \u674e\u51dd\u591a\u6b21\u83b7\u5f97\u5404\u56fd\u57fa\u91d1\u4f1a\u7684\u8d44\u52a9\u4ee5\u5b8c\u6210\u5176\u5267\u573a\u6216\u7535\u5f71\u4f5c\u54c1\uff0c\u6bd4\u5982\u8377\u5170\u7684Done \u57fa\u91d1\u4f1a\uff08\u66fe\u4e8e2006\u30012007\u30012008\uff0c3\u5e74\u8fde\u7eed\u7ed9\u4e88\u674e\u51dd\u548c\u51cc\u4e91\u7130\u652f\u6301\uff09\uff0c\u6b27\u76df\u6587\u5316\u9879\u76eeChin-A-Moves\uff0c\u4ee5\u53ca\u4e2d\u56fd\u72ec\u7acb\u7535\u5f71\u57fa\u91d1Indie Cinema Fund\u7b49\u7b49\u3002 &nbsp; \u5173\u4e8e\u4ed6\u7684\u827a\u672f\u56e2\u961f\u201c\u51cc\u4e91\u7130\u80a2\u4f53\u6e38\u51fb\u961f\u201d\u7b80\u4ecb: \u51cc\u4e91\u7130\uff08The Physical Guerrillas\uff09\u662f\u4eab\u8a89\u56fd\u5185\u5916\u7684\u8457\u540d\u827a\u672f\u56e2\u4f53,\u4ee3\u8868\u4e86\u4e2d\u56fd\u80a2\u4f53\u5267\u573a\u53ca\u5b9e\u9a8c\u7535\u5f71\u7684\u6700\u9ad8\u6c34\u5e73;\u8fd9\u652f\u5728\u5267\u573a\u8868\u6f14\u548c\u516c\u5171\u7a7a\u95f4\u8868\u6f14\u9886\u57df\u505a\u51fa\u4e0d\u51e1\u6218\u7ee9\u7684\u521b\u4f5c\u56e2\u961f\uff0c\u7531\u827a\u672f\u603b\u76d1\u674e\u51dd\u7684\u5e26\u9886\uff0c\u53d7\u9080\u53c2\u52a0\u4e86\u591a\u5e74\u6765\u6700\u5177\u4eba\u6c14\u548c\u53e3\u7891\u7684\u5404\u5927\u516c\u5171\u827a\u672f\u8282\uff0c\u6bd4\u5982:\u6cd5\u56fd\u5965\u5229\u4e9a\u514b\u60c5\u5883\u827a\u672f\u8282\u3001\u6bd4\u5229\u65f6\u6839\u7279\u827a\u672f\u8282\u3001 \u4e3d\u6c5fCOART\u4e9a\u6d32\u827a\u672f\u8282\u3001\u4e4c\u9547\u56fd\u9645\u620f\u5267\u8282\u3001\u6df1\u5733\u6e7e\u827a\u7a57\u8282\u7b49\uff0c\u5176\u72ec\u7279\u7684\u4f5c\u54c1\u6781\u5177\u51b2\u51fb\u529b\u7684\u73b0\u573a\uff0c\u6bcf\u6bcf\u4e3a\u5f53\u5730\u89c2\u4f17\u5e26\u6765\u4e0e\u4f20\u7edf\u620f\u5267\u975e\u4e00\u822c\u7684\u4eab\u53d7\u4e0e\u4f53\u9a8c\uff0c\u5e76\u540c\u65f6\u5f15\u53d1\u7f51\u7edc\u70ed\u8bae\uff0c\u4e3a\u4e3b\u529e\u65b9\u5e26\u6765\u793e\u4f1a\u5f71\u54cd\u53ca\u65b0\u95fb\u5173\u6ce8\u4ef7\u503c; &nbsp; \u51cc\u4e91\u7130\u5728\u57ce\u5e02\u4e0e\u4e61\u6751\u3001\u793e\u4f1a\u4e0e\u81ea\u7136\u3001\u827a\u672f\u548c\u751f\u6d3b\u4e4b\u95f4\u7684\u4ea4\u53c9\u8de8\u754c\u5730\u5e26\u4e0d\u61c8\u5de5\u4f5c\uff0c\u662f\u4e3a\u666e\u7f57\u5927\u4f17\u5949\u732e\u4e0e\u56fd\u9645\u5ba1\u7f8e\u63a5\u8f68\u7684\u524d\u536b\u620f\u5267\u8868\u6f14\uff0c\u6b64\u4ea6\u666e\u53ca\u771f\u6b63\u7684\u5148\u8fdb\u6587\u5316; \u00ab\u00a0\u4e0a\u5f97\u6218\u573a\uff0c\u4e0b\u5f97\u5267\u573a\u00a0\u00bb\uff1a\u65e2\u53ef\u5728\u827a\u672f\u9886\u57df\u8c61\u7259\u5854\u5185\u63a2\u7d22\u7eaf\u7cb9\u7f8e\u5b66\uff1b\u4ea6\u53ef\u8d70\u4e0a\u8857\u5934\u548c\u516c\u5171\u7a7a\u95f4\u548c\u6c11\u4f17\u4e00\u8d77\uff0c\u63a8\u52a8\u4e2d\u56fd\u7684\u6c11\u4e3b\u5316\u3001\u73b0\u4ee3\u5316\u8fdb\u7a0b\u3002 \u5728\u56fd\u9645\u8303\u56f4\u5185\uff0c\u4ed6\u4eec\u53c2\u4e0e\u5404\u79cd\u827a\u672f\u8282&amp;\u7535\u5f71\u8282\u83b7\u5f97\u8d5e\u8a89\u5956\u9879\u4f17\u591a\uff0c\u5e76\u4e0d\u65ad\u5f15\u53d1\u5173\u6ce8\u548c\u8ba8\u8bba; \u8fd9\u4e2a\u56e2\u4f53\u5df2\u4f5c\u4e3a\u5f53\u4ee3\u4e2d\u56fd\u6c11\u95f4\u5267\u56e2\u7684\u5178\u578b\u6848\u4f8b\uff0c\u88ab\u5199\u5165\u6b27\u7f8e\u7b49\u827a\u672f\u5b66\u9662\u7684\u76f8\u5173\u6559\u6750\uff0c\u4ee5\u4f9b\u5e08\u751f\u7814\u7a76\u3002 &nbsp; \u53c2\u5c55\u53ca\u827a\u672f\u8282\u5e74\u8868\uff1a 2016\u5e74 \u6f4d\u574a\u4e61\u6751\u620f\u5267\u8282 \u6cd5\u56fd\u963f\u7ef4\u5c3c\u7fc1\u620f\u5267\u8282 \u4e4c\u9547\u56fd\u9645\u620f\u5267\u8282\u73af\u5883\u620f\u5267\u5f00\u5e55\u4f5c\u54c1 \u91cd\u5e86\u201c\u5f02\u8d28\u91cd\u751f\u201d\u5f53\u4ee3\u827a\u672f\u5c55 2015\u5e74 \u5317\u4eac\u56fd\u9645\u9752\u5e74\u620f\u5267\u8282 \u6210\u90fd\u201c\u91cd\u8981\u7684\u4e0d\u662f\u8eab\u4f53\u201d\u827a\u672f\u8282 2014\u5e74 \u4e2d\u56fd\u4e4c\u9547\u620f\u5267\u8282 \u6d77\u53e3\u9752\u5e74\u5b9e\u9a8c\u827a\u672f\u8282 \u97e9\u56fd\u9996\u5c14B;om\u827a\u672f\u8282 \u5357\u4eac\u836f\u827a\u672f\u9986 \u7075\u9b42\u4e4b\u8eaf\u5c55\u89c8 2013\u5e74 \u4e1c\u4eac\u5267\u573a\u827a\u672f\u8282 \u9999\u6e2f\u72ec\u7acb\u7535\u5f71\u8282 [&hellip;]<\/p>\n","protected":false},"author":4,"featured_media":0,"parent":516,"menu_order":0,"comment_status":"closed","ping_status":"closed","template":"","meta":[],"_links":{"self":[{"href":"http:\/\/www.hybriditesfrancechine.com\/cn\/wp-json\/wp\/v2\/pages\/531"}],"collection":[{"href":"http:\/\/www.hybriditesfrancechine.com\/cn\/wp-json\/wp\/v2\/pages"}],"about":[{"href":"http:\/\/www.hybriditesfrancechine.com\/cn\/wp-json\/wp\/v2\/types\/page"}],"author":[{"embeddable":true,"href":"http:\/\/www.hybriditesfrancechine.com\/cn\/wp-json\/wp\/v2\/users\/4"}],"replies":[{"embeddable":true,"href":"http:\/\/www.hybriditesfrancechine.com\/cn\/wp-json\/wp\/v2\/comments?post=531"}],"version-history":[{"count":6,"href":"http:\/\/www.hybriditesfrancechine.com\/cn\/wp-json\/wp\/v2\/pages\/531\/revisions"}],"predecessor-version":[{"id":544,"href":"http:\/\/www.hybriditesfrancechine.com\/cn\/wp-json\/wp\/v2\/pages\/531\/revisions\/544"}],"up":[{"embeddable":true,"href":"http:\/\/www.hybriditesfrancechine.com\/cn\/wp-json\/wp\/v2\/pages\/516"}],"wp:attachment":[{"href":"http:\/\/www.hybriditesfrancechine.com\/cn\/wp-json\/wp\/v2\/media?parent=531"}],"curies":[{"name":"wp","href":"https:\/\/api.w.org\/{rel}","templated":true}]}}