{"id":678,"date":"2018-01-09T23:32:05","date_gmt":"2018-01-09T22:32:05","guid":{"rendered":"http:\/\/www.hybriditesfrancechine.com\/cn\/?page_id=678"},"modified":"2018-02-02T11:41:02","modified_gmt":"2018-02-02T10:41:02","slug":"jean-lambert-wild","status":"publish","type":"page","link":"https:\/\/www.hybriditesfrancechine.com\/cn\/partenaires\/%e8%89%ba%e6%9c%af%e5%ae%b6\/jean-lambert-wild\/","title":{"rendered":"Jean Lambert-Wild"},"content":{"rendered":"<div><a href=\"http:\/\/www.hybriditesfrancechine.com\/cn\/wp-content\/uploads\/sites\/3\/2018\/01\/Jean_lambert_wild-768x420.jpg\"><img decoding=\"async\" loading=\"lazy\" class=\"wp-image-679 aligncenter\" src=\"http:\/\/www.hybriditesfrancechine.com\/cn\/wp-content\/uploads\/sites\/3\/2018\/01\/Jean_lambert_wild-768x420.jpg\" alt=\"\" width=\"530\" height=\"290\" \/><\/a><\/div>\n<div><\/div>\n<div>\n<div>Jean Lambert-Wild\uff0c1972\u5e74\u51fa\u751f\u5728\u6cd5\u5c5e\u7559\u5c3c\u6c6a\u7fa4\u5c9b\uff0c\u6cd5\u56fd\u5f53\u4ee3\u620f\u5267\u5bfc\u6f14\u3001\u6f14\u5458\u3001\u6cd5\u56fd\u827a\u672f\u4e0e\u6587\u5b66\u9a91\u58eb\uff08\u00a0Grade de Chevalier de l&rsquo;ordre des Arts et des Lettres\uff09\u3001\u73b0\u4efb\u6cd5\u56fd\u6cd5\u56fd\u5229\u6469\u65e5\u56fd\u7acb\u620f\u5267\u521b\u4f5c\u4e2d\u5fc3\uff08Centre Dramatique National du Limousin\uff09\u3001\u6cd5\u56fd\u8054\u5408\u5267\u9662\uff08Th\u00e9\u00e2tre de l\u2019Union\uff09\u4e0e\u5229\u6469\u65e5\u5267\u9662\u56fd\u7acb\u9ad8\u7b49\u827a\u672f\u5b66\u9662\uff08\u00c9cole Nationale Sup\u00e9rieure de Th\u00e9\u00e2tre du Limousin\uff09\u9662\u957f\uff0c1990\u81f3\u4eca\u65e5\u5df2\u521b\u4f5c\u5b8c\u621030\u4f59\u90e8\u620f\u5267\u4f5c\u54c1\u3002<\/div>\n<div><\/div>\n<div><a href=\"http:\/\/www.hybriditesfrancechine.com\/cn\/wp-content\/uploads\/sites\/3\/2018\/01\/La-mort-dAdam.jpg\"><img decoding=\"async\" loading=\"lazy\" class=\" wp-image-695 aligncenter\" src=\"http:\/\/www.hybriditesfrancechine.com\/cn\/wp-content\/uploads\/sites\/3\/2018\/01\/La-mort-dAdam-1024x682.jpg\" alt=\"\" width=\"568\" height=\"379\" \/><\/a><\/div>\n<div><\/div>\n<div>\u7ae5\u5e74\u7684Jean Lambert-Wild\u751f\u6d3b\u5728\u6cd5\u5c5e\u7559\u5c3c\u6c6a\u7fa4\u5c9b\u4e0a\uff0c\u5176\u7236\u4eb2\u662f\u5f53\u5730\u519c\u573a\u7684\u7272\u755c\u517b\u6b96\u5458\u3002\u5c9b\u4e0a\u98d8\u8361\u7684\u6d77\u6d0b\u795e\u8bdd\u8ba9\u5e74\u8f7b\u7684Jean\u4e00\u5fc3\u5411\u5f80\u5c9b\u5c7f\u4ee5\u5916\u7684\u201c\u672a\u77e5\u4e16\u754c\u201d\u30021990\u5e74\uff0c18\u5c81\u7684\u4ed6\u7ec8\u4e8e\u8e0f\u4e0a\u6cd5\u56fd\u672c\u571f\uff0c\u5728\u91cc\u6602\u4e09\u5927\u653b\u8bfb\u54f2\u5b66\u5b66\u58eb\u5b66\u4f4d\uff0c\u5e76\u4e8e\u540c\u5e74\u5728\u5f53\u5730\u201c44\u7a7a\u95f4\u5267\u573a\u201d\u4e0a\u6f14\u4e86\u4ed6\u81ea\u7f16\u81ea\u5bfc\u4e86\u300a\u6625\u65e5\u5927\u6e05\u6d17\u300b\uff08Grande Lessive de Printemps\uff09\u4f5c\u4e3a\u5176\u827a\u672f\u751f\u6daf\u7684\u5f00\u7aef\u3002\u5728\u62c9\u4e01\u8bed\u8001\u5e08Andr\u00e9 Arcellaschi\u7684\u9f13\u52b1\u4e0b\uff0cJean\u5f00\u59cb\u6392\u6f14\u666e\u52b3\u56fe\u65af\uff0c\u585e\u5185\u514b\u548c\u6cd5\u59c6\u5e03\u6d1b\u7ef4\u5947\u7684\u5267\u672c\u3002\u5e76\u5728\u6b64\u540e\u6570\u5e74\u5411\u591a\u4f4d\u7684\u620f\u5267\u5927\u5e08\u6c42\u5b66\u3002Michel Dubois\u4f5c\u4e3a\u4ed6\u7684\u7b2c\u4e00\u4e2a\u620f\u5267\u5bfc\u5e08\u4e3a\u4ed6\u6253\u5f00\u4e86\u5361\u6602\u620f\u5267\u9662\u7684\u5927\u95e8\uff0c\u4f5c\u4e3a\u5176\u821e\u53f0\u52a9\u7406\uff0cJean\u5728\u6b64\u671f\u95f4\u6162\u6162\u5efa\u7acb\u8d77\u4e86\u4ed6\u81ea\u5df1\u7684\u821e\u53f0\u8bed\u8a00\u3002\u968f\u540e\u51e0\u5e74\u4ed6\u53c8\u6210\u4e86Jean-Yves Lazennec\uff0cPhilippe Goyard\u4e0eMatthias Langhoff\u52a9\u7406\uff0c\u5927\u5927\u63d0\u9ad8\u4e86\u4ed6\u7684\u821e\u53f0\u6280\u6cd5\u4e0e\u7f8e\u5b66\u610f\u8bc6\u3002<\/div>\n<div><\/div>\n<\/div>\n<div><a href=\"http:\/\/www.hybriditesfrancechine.com\/cn\/wp-content\/uploads\/sites\/3\/2018\/01\/Comment-ai-je-pu-tenir-la\u0300-dedans-1.jpg\"><img decoding=\"async\" loading=\"lazy\" class=\" wp-image-704 aligncenter\" src=\"http:\/\/www.hybriditesfrancechine.com\/cn\/wp-content\/uploads\/sites\/3\/2018\/01\/Comment-ai-je-pu-tenir-la\u0300-dedans-1.jpg\" alt=\"\" width=\"574\" height=\"280\" \/><\/a><\/div>\n<div>\n<div>Jean Lambert-Wild\u7684\u620f\u5267\u5c06\u6f14\u5458\u89c6\u4e3a\u821e\u53f0\u7684\u6838\u5fc3\u3002\u901a\u8fc7\u4e0d\u540c\u7684\u8868\u6f14\u5f62\u5f0f\uff0c\u4ed6\u9488\u5bf9\u5f53\u4ee3\u6027\u6240\u7ed9\u4e88\u620f\u5267\u827a\u672f\u5404\u65b9\u9762\u7684\u4e0d\u540c\u5f71\u54cd\u8fdb\u884c\u63a2\u8ba8\uff0c\u5e76\u901a\u8fc7\u5bf9\u5f53\u4ee3\u4e0e\u7ecf\u5178\u6587\u672c\u7684\u6f14\u7ece\u91cd\u65b0\u5b9a\u4e49\u5f53\u4ee3\u620f\u5267\u3002\u4ed6\u5584\u4e8e\u5c06\u5bf9\u620f\u5267\u827a\u672f\u9020\u6210\u5de8\u5927\u51b2\u51fb\u7684\u73b0\u4ee3\u79d1\u6280\u878d\u5165\u620f\u5267\u8fd9\u4e00\u5a92\u4ecb\uff0c\u901a\u8fc7\u5bf9\u8de8\u5b66\u79d1\u9886\u57df\u7684\u827a\u672f\u5f62\u5f0f\u7684\u878d\u5408\uff0c\u4f7f\u5f97\u73b0\u4ee3\u79d1\u6280\u80fd\u591f\u53cd\u5411\u5730\u4f5c\u7528\u4e8e\u620f\u5267\u5e76\u4f7f\u8fd9\u4e00\u4f20\u7edf\u4fdd\u6301\u6d3b\u529b\u3002<\/div>\n<div><\/div>\n<div><a href=\"http:\/\/www.hybriditesfrancechine.com\/cn\/wp-content\/uploads\/sites\/3\/2018\/01\/Richard-III.jpg\"><img decoding=\"async\" loading=\"lazy\" class=\" wp-image-702 aligncenter\" src=\"http:\/\/www.hybriditesfrancechine.com\/cn\/wp-content\/uploads\/sites\/3\/2018\/01\/Richard-III.jpg\" alt=\"\" width=\"582\" height=\"261\" \/><\/a><\/div>\n<div><\/div>\n<div>1997\u5e74Jean Lambert-Wild\u7ed3\u8bc6\u4e86\u8d1d\u5c14\u798f\u7279\u56fd\u5bb6\u5927\u5267\u9662\uff08Granit-Sc\u00e8ne Nationale\uff09\u7684\u9662\u957fHenri Taquet\uff0c\u540e\u8005\u7ed9\u4e88\u4ed6\u521d\u671f\u7684\u620f\u5267\u5236\u4f5c\u673a\u4f1a\u3002\u4e8e\u662fJean\u9a7b\u624e\u5728\u8d1d\u5c14\u798f\u7279\uff0c\u8fd9\u4e00\u65b0\u751f\u6d3b\u7ed9\u4e86\u4ed6\u53d1\u5c55\u81ea\u8eab\u827a\u672f\u7684\u6709\u5229\u6761\u4ef6\u3002\u540c\u5e74\uff0cJean\u7ed3\u8bc6\u4e86\u4ed6\u7684\u59bb\u5b50Catherine Lefeuve\uff0c\u5e76\u4e0e\u4f5c\u66f2\u5bb6Jean-Luc Therminairias\uff0c\u706f\u5149\u5e08Renaud Lagier\uff0c\u58f0\u6548Christophe Farion\uff0c\u821e\u53f0\u8bbe\u8ba1Thierry Varenne\uff0c\u540e\u53f0\u4e0e\u706f\u5149\u603b\u63a7Frank Besson\u4e00\u540c\u5efa\u7acb\u4e86326\u5408\u4f5c\u793e\uff08326 Coop\u00e9rative\uff09\u3002\u4ed6\u7684\u4f5c\u54c1\u5e38\u88ab\u5c71\u4e18\u5267\u9662\uff08Th\u00e9\u00e2tre de la Colline\uff09\uff0c\u5965\u5fb7\u7fc1\u5267\u9662\uff08Th\u00e9\u00e2tre de l\u2019Od\u00e9on\uff09\uff0cMC93\u6587\u5316\u827a\u672f\u4e2d\u5fc3\uff0c\u4ea6\u4e24\u6b21\u53d7\u9080\u963f\u7ef4\u5c3c\u7fc1IN\u620f\u5267\u8282\u3002\u5e76\u57282010\u5e74\u4ee5\u4e0e\u88c5\u7f6e\u827a\u672f\u5bb6St\u00e9phane Blanquet\u5408\u4f5c\u6539\u7f16\u7684\u620f\u5267\u4f5c\u54c1\u300a\u6211\u662f\u5982\u4f55\u627f\u53d7\u8fd9\u4e00\u5207\u7684\uff1f\u300b\uff08Comment ai-je pu tenir l\u00e0-dedans?\uff09\u65a9\u83b7\u83ab\u91cc\u54c0\u620f\u5267\u5956\u3002<\/div>\n<div><\/div>\n<div><a href=\"http:\/\/www.hybriditesfrancechine.com\/cn\/wp-content\/uploads\/sites\/3\/2018\/01\/Roberto-Zucco.jpg\"><img decoding=\"async\" loading=\"lazy\" class=\"size-large wp-image-700 aligncenter\" src=\"http:\/\/www.hybriditesfrancechine.com\/cn\/wp-content\/uploads\/sites\/3\/2018\/01\/Roberto-Zucco-1024x683.jpg\" alt=\"\" width=\"610\" height=\"407\" \/><\/a><\/div>\n<div>2007\u5e74\uff0cJean Lambert-Wild\u53d7\u6587\u5316\u90e8\u4efb\u547d\u62c5\u4efb\u8bfa\u66fc\u5e95\u56fd\u7acb\u620f\u5267\u521b\u4f5c\u4e2d\u5fc3\u4e0e\u5361\u6602\u559c\u5267\u9662\u9662\u957f\u3002\u81f4\u529b\u521b\u4f5c\u5e76\u4e14\u5411\u56fd\u5185\u5916\u8f90\u5c04\u5176\u5267\u573a\u4f5c\u54c1\u5e76\u4fdd\u6301\u4e0e\u56fd\u5185\u5916\u72ec\u7acb\u620f\u5267\u56e2\u4f53\u6709\u7740\u5bc6\u5207\u7684\u827a\u672f\u4ea4\u6d41\u30022014\u5e747\u6708\uff0c\u56e0\u5176\u5bf9\u6cd5\u56fd\u620f\u5267\u4e0e\u6587\u5b66\u9886\u57df\u7684\u6770\u51fa\u8d21\u732e\u88ab\u6388\u4e88\u6cd5\u56fd\u827a\u672f\u4e0e\u6587\u5b66\u9a91\u58eb\uff08\u00a0Grade de Chevalier de l&rsquo;ordre des Arts et des Lettres\uff09\u52cb\u7ae0\u3002\u540c\u5e7412\u670831\u65e5Jean Lambert-Wild\u5378\u4efb\u8bfa\u66fc\u5e95\u56fd\u7acb\u620f\u5267\u521b\u4f5c\u4e2d\u5fc3\uff08Centre Dramatique National de Normandie\uff09\u4e0e\u5361\u6602\u559c\u5267\u9662\uff08Com\u00e9die de Caen\uff09\u9662\u957f\u804c\u52a1\uff0c\u5e76\u4e8e\u6b21\u65e52015\u5e741\u67081\u65e5\uff0c\u4e0a\u4efb\u6307\u5bfc\u6cd5\u56fd\u6cd5\u56fd\u5229\u6469\u65e5\u56fd\u7acb\u620f\u5267\u521b\u4f5c\u4e2d\u5fc3\u3001\u6cd5\u56fd\u8054\u5408\u5267\u9662\u4e0e\u5229\u6469\u65e5\u5267\u9662\u56fd\u7acb\u9ad8\u7b49\u827a\u672f\u5b66\u9662\u81f3\u4eca\uff0c\u5e76\u5148\u540e\u63a8\u51fa\u4ee5\u5185\u5fc3\u5b64\u5bc2\u4e3a\u5256\u6790\u89c6\u89d2\u6539\u7f16\u81ea\u838e\u58eb\u6bd4\u4e9a\u7684\u300a\u7406\u67e5\u4e09\u4e16\u300b\u4e0e\u4f2f\u7eb3\u5fb7-\u739b\u4e3d.\u6208\u5c14\u5fb7\u601d\uff08Bernard-Marie Kolt\u00e8s\uff09\u7684\u300a\u7f57\u4f2f\u6258.\u7956\u79d1\u300b\u3002<\/div>\n<\/div>\n<div><\/div>\n<div><\/div>\n<div>\n<p><iframe loading=\"lazy\" width=\"610\" height=\"343\" src=\"https:\/\/www.youtube.com\/embed\/SObUuiu0x8s?feature=oembed\" frameborder=\"0\" allow=\"autoplay; encrypted-media\" allowfullscreen><\/iframe><\/p>\n<\/div>\n","protected":false},"excerpt":{"rendered":"<p>Jean Lambert-Wild\uff0c1972\u5e74\u51fa\u751f\u5728\u6cd5\u5c5e\u7559\u5c3c\u6c6a\u7fa4\u5c9b\uff0c\u6cd5\u56fd\u5f53\u4ee3\u620f\u5267\u5bfc\u6f14\u3001\u6f14\u5458\u3001\u6cd5\u56fd\u827a\u672f\u4e0e\u6587\u5b66\u9a91\u58eb\uff08\u00a0Grade de Chevalier de l&rsquo;ordre des Arts et des Lettres\uff09\u3001\u73b0\u4efb\u6cd5\u56fd\u6cd5\u56fd\u5229\u6469\u65e5\u56fd\u7acb\u620f\u5267\u521b\u4f5c\u4e2d\u5fc3\uff08Centre Dramatique National du Limousin\uff09\u3001\u6cd5\u56fd\u8054\u5408\u5267\u9662\uff08Th\u00e9\u00e2tre de l\u2019Union\uff09\u4e0e\u5229\u6469\u65e5\u5267\u9662\u56fd\u7acb\u9ad8\u7b49\u827a\u672f\u5b66\u9662\uff08\u00c9cole Nationale Sup\u00e9rieure de Th\u00e9\u00e2tre du Limousin\uff09\u9662\u957f\uff0c1990\u81f3\u4eca\u65e5\u5df2\u521b\u4f5c\u5b8c\u621030\u4f59\u90e8\u620f\u5267\u4f5c\u54c1\u3002 \u7ae5\u5e74\u7684Jean Lambert-Wild\u751f\u6d3b\u5728\u6cd5\u5c5e\u7559\u5c3c\u6c6a\u7fa4\u5c9b\u4e0a\uff0c\u5176\u7236\u4eb2\u662f\u5f53\u5730\u519c\u573a\u7684\u7272\u755c\u517b\u6b96\u5458\u3002\u5c9b\u4e0a\u98d8\u8361\u7684\u6d77\u6d0b\u795e\u8bdd\u8ba9\u5e74\u8f7b\u7684Jean\u4e00\u5fc3\u5411\u5f80\u5c9b\u5c7f\u4ee5\u5916\u7684\u201c\u672a\u77e5\u4e16\u754c\u201d\u30021990\u5e74\uff0c18\u5c81\u7684\u4ed6\u7ec8\u4e8e\u8e0f\u4e0a\u6cd5\u56fd\u672c\u571f\uff0c\u5728\u91cc\u6602\u4e09\u5927\u653b\u8bfb\u54f2\u5b66\u5b66\u58eb\u5b66\u4f4d\uff0c\u5e76\u4e8e\u540c\u5e74\u5728\u5f53\u5730\u201c44\u7a7a\u95f4\u5267\u573a\u201d\u4e0a\u6f14\u4e86\u4ed6\u81ea\u7f16\u81ea\u5bfc\u4e86\u300a\u6625\u65e5\u5927\u6e05\u6d17\u300b\uff08Grande Lessive de Printemps\uff09\u4f5c\u4e3a\u5176\u827a\u672f\u751f\u6daf\u7684\u5f00\u7aef\u3002\u5728\u62c9\u4e01\u8bed\u8001\u5e08Andr\u00e9 Arcellaschi\u7684\u9f13\u52b1\u4e0b\uff0cJean\u5f00\u59cb\u6392\u6f14\u666e\u52b3\u56fe\u65af\uff0c\u585e\u5185\u514b\u548c\u6cd5\u59c6\u5e03\u6d1b\u7ef4\u5947\u7684\u5267\u672c\u3002\u5e76\u5728\u6b64\u540e\u6570\u5e74\u5411\u591a\u4f4d\u7684\u620f\u5267\u5927\u5e08\u6c42\u5b66\u3002Michel Dubois\u4f5c\u4e3a\u4ed6\u7684\u7b2c\u4e00\u4e2a\u620f\u5267\u5bfc\u5e08\u4e3a\u4ed6\u6253\u5f00\u4e86\u5361\u6602\u620f\u5267\u9662\u7684\u5927\u95e8\uff0c\u4f5c\u4e3a\u5176\u821e\u53f0\u52a9\u7406\uff0cJean\u5728\u6b64\u671f\u95f4\u6162\u6162\u5efa\u7acb\u8d77\u4e86\u4ed6\u81ea\u5df1\u7684\u821e\u53f0\u8bed\u8a00\u3002\u968f\u540e\u51e0\u5e74\u4ed6\u53c8\u6210\u4e86Jean-Yves Lazennec\uff0cPhilippe Goyard\u4e0eMatthias Langhoff\u52a9\u7406\uff0c\u5927\u5927\u63d0\u9ad8\u4e86\u4ed6\u7684\u821e\u53f0\u6280\u6cd5\u4e0e\u7f8e\u5b66\u610f\u8bc6\u3002 Jean Lambert-Wild\u7684\u620f\u5267\u5c06\u6f14\u5458\u89c6\u4e3a\u821e\u53f0\u7684\u6838\u5fc3\u3002\u901a\u8fc7\u4e0d\u540c\u7684\u8868\u6f14\u5f62\u5f0f\uff0c\u4ed6\u9488\u5bf9\u5f53\u4ee3\u6027\u6240\u7ed9\u4e88\u620f\u5267\u827a\u672f\u5404\u65b9\u9762\u7684\u4e0d\u540c\u5f71\u54cd\u8fdb\u884c\u63a2\u8ba8\uff0c\u5e76\u901a\u8fc7\u5bf9\u5f53\u4ee3\u4e0e\u7ecf\u5178\u6587\u672c\u7684\u6f14\u7ece\u91cd\u65b0\u5b9a\u4e49\u5f53\u4ee3\u620f\u5267\u3002\u4ed6\u5584\u4e8e\u5c06\u5bf9\u620f\u5267\u827a\u672f\u9020\u6210\u5de8\u5927\u51b2\u51fb\u7684\u73b0\u4ee3\u79d1\u6280\u878d\u5165\u620f\u5267\u8fd9\u4e00\u5a92\u4ecb\uff0c\u901a\u8fc7\u5bf9\u8de8\u5b66\u79d1\u9886\u57df\u7684\u827a\u672f\u5f62\u5f0f\u7684\u878d\u5408\uff0c\u4f7f\u5f97\u73b0\u4ee3\u79d1\u6280\u80fd\u591f\u53cd\u5411\u5730\u4f5c\u7528\u4e8e\u620f\u5267\u5e76\u4f7f\u8fd9\u4e00\u4f20\u7edf\u4fdd\u6301\u6d3b\u529b\u3002 1997\u5e74Jean Lambert-Wild\u7ed3\u8bc6\u4e86\u8d1d\u5c14\u798f\u7279\u56fd\u5bb6\u5927\u5267\u9662\uff08Granit-Sc\u00e8ne Nationale\uff09\u7684\u9662\u957fHenri Taquet\uff0c\u540e\u8005\u7ed9\u4e88\u4ed6\u521d\u671f\u7684\u620f\u5267\u5236\u4f5c\u673a\u4f1a\u3002\u4e8e\u662fJean\u9a7b\u624e\u5728\u8d1d\u5c14\u798f\u7279\uff0c\u8fd9\u4e00\u65b0\u751f\u6d3b\u7ed9\u4e86\u4ed6\u53d1\u5c55\u81ea\u8eab\u827a\u672f\u7684\u6709\u5229\u6761\u4ef6\u3002\u540c\u5e74\uff0cJean\u7ed3\u8bc6\u4e86\u4ed6\u7684\u59bb\u5b50Catherine Lefeuve\uff0c\u5e76\u4e0e\u4f5c\u66f2\u5bb6Jean-Luc Therminairias\uff0c\u706f\u5149\u5e08Renaud Lagier\uff0c\u58f0\u6548Christophe Farion\uff0c\u821e\u53f0\u8bbe\u8ba1Thierry Varenne\uff0c\u540e\u53f0\u4e0e\u706f\u5149\u603b\u63a7Frank Besson\u4e00\u540c\u5efa\u7acb\u4e86326\u5408\u4f5c\u793e\uff08326 Coop\u00e9rative\uff09\u3002\u4ed6\u7684\u4f5c\u54c1\u5e38\u88ab\u5c71\u4e18\u5267\u9662\uff08Th\u00e9\u00e2tre de la Colline\uff09\uff0c\u5965\u5fb7\u7fc1\u5267\u9662\uff08Th\u00e9\u00e2tre de l\u2019Od\u00e9on\uff09\uff0cMC93\u6587\u5316\u827a\u672f\u4e2d\u5fc3\uff0c\u4ea6\u4e24\u6b21\u53d7\u9080\u963f\u7ef4\u5c3c\u7fc1IN\u620f\u5267\u8282\u3002\u5e76\u57282010\u5e74\u4ee5\u4e0e\u88c5\u7f6e\u827a\u672f\u5bb6St\u00e9phane Blanquet\u5408\u4f5c\u6539\u7f16\u7684\u620f\u5267\u4f5c\u54c1\u300a\u6211\u662f\u5982\u4f55\u627f\u53d7\u8fd9\u4e00\u5207\u7684\uff1f\u300b\uff08Comment ai-je pu tenir [&hellip;]<\/p>\n","protected":false},"author":5,"featured_media":0,"parent":516,"menu_order":0,"comment_status":"closed","ping_status":"closed","template":"","meta":[],"_links":{"self":[{"href":"https:\/\/www.hybriditesfrancechine.com\/cn\/wp-json\/wp\/v2\/pages\/678"}],"collection":[{"href":"https:\/\/www.hybriditesfrancechine.com\/cn\/wp-json\/wp\/v2\/pages"}],"about":[{"href":"https:\/\/www.hybriditesfrancechine.com\/cn\/wp-json\/wp\/v2\/types\/page"}],"author":[{"embeddable":true,"href":"https:\/\/www.hybriditesfrancechine.com\/cn\/wp-json\/wp\/v2\/users\/5"}],"replies":[{"embeddable":true,"href":"https:\/\/www.hybriditesfrancechine.com\/cn\/wp-json\/wp\/v2\/comments?post=678"}],"version-history":[{"count":11,"href":"https:\/\/www.hybriditesfrancechine.com\/cn\/wp-json\/wp\/v2\/pages\/678\/revisions"}],"predecessor-version":[{"id":693,"href":"https:\/\/www.hybriditesfrancechine.com\/cn\/wp-json\/wp\/v2\/pages\/678\/revisions\/693"}],"up":[{"embeddable":true,"href":"https:\/\/www.hybriditesfrancechine.com\/cn\/wp-json\/wp\/v2\/pages\/516"}],"wp:attachment":[{"href":"https:\/\/www.hybriditesfrancechine.com\/cn\/wp-json\/wp\/v2\/media?parent=678"}],"curies":[{"name":"wp","href":"https:\/\/api.w.org\/{rel}","templated":true}]}}