{"id":14,"date":"2016-01-18T14:30:05","date_gmt":"2016-01-18T13:30:05","guid":{"rendered":"http:\/\/www.hybriditesfrancechine.com\/en\/?page_id=14"},"modified":"2017-06-16T15:34:26","modified_gmt":"2017-06-16T14:34:26","slug":"partenaires","status":"publish","type":"page","link":"https:\/\/www.hybriditesfrancechine.com\/en\/partenaires\/","title":{"rendered":"Partners"},"content":{"rendered":"<ul>\n<li>\n<h5>Festival international du Th\u00e9\u00e2tre de l&#8217;art du peuple de P\u00e9kin<\/h5>\n<\/li>\n<li>\n<h5>Beijing Fringe Festival<\/h5>\n<\/li>\n<li>\n<h5>Festival de Sanxingdui<\/h5>\n<\/li>\n<li>\n<h5>Association de jeunes artistes du Th\u00e9\u00e2tre de P\u00e9kin<\/h5>\n<\/li>\n<li>\n<h5>R\u00e9seaux \u00e0 l&#8217;Est du Nouveau<\/h5>\n<\/li>\n<li>\n<h5>Compagnie Mesden<\/h5>\n<\/li>\n<li>\n<h5>Le tr\u00e8s grand conseil mondiale des Clowns<\/h5>\n<\/li>\n<\/ul>\n","protected":false},"excerpt":{"rendered":"<p>Festival international du Th\u00e9\u00e2tre de l&#8217;art du peuple de P\u00e9kin Beijing Fringe Festival Festival de Sanxingdui Association de jeunes artistes du Th\u00e9\u00e2tre de P\u00e9kin R\u00e9seaux \u00e0 l&#8217;Est du Nouveau Compagnie Mesden Le tr\u00e8s grand conseil mondiale des Clowns<\/p>\n","protected":false},"author":1,"featured_media":0,"parent":0,"menu_order":3,"comment_status":"closed","ping_status":"closed","template":"","meta":[],"_links":{"self":[{"href":"https:\/\/www.hybriditesfrancechine.com\/en\/wp-json\/wp\/v2\/pages\/14"}],"collection":[{"href":"https:\/\/www.hybriditesfrancechine.com\/en\/wp-json\/wp\/v2\/pages"}],"about":[{"href":"https:\/\/www.hybriditesfrancechine.com\/en\/wp-json\/wp\/v2\/types\/page"}],"author":[{"embeddable":true,"href":"https:\/\/www.hybriditesfrancechine.com\/en\/wp-json\/wp\/v2\/users\/1"}],"replies":[{"embeddable":true,"href":"https:\/\/www.hybriditesfrancechine.com\/en\/wp-json\/wp\/v2\/comments?post=14"}],"version-history":[{"count":8,"href":"https:\/\/www.hybriditesfrancechine.com\/en\/wp-json\/wp\/v2\/pages\/14\/revisions"}],"predecessor-version":[{"id":177,"href":"https:\/\/www.hybriditesfrancechine.com\/en\/wp-json\/wp\/v2\/pages\/14\/revisions\/177"}],"wp:attachment":[{"href":"https:\/\/www.hybriditesfrancechine.com\/en\/wp-json\/wp\/v2\/media?parent=14"}],"curies":[{"name":"wp","href":"https:\/\/api.w.org\/{rel}","templated":true}]}}