{"id":192,"date":"2017-06-23T18:35:35","date_gmt":"2017-06-23T17:35:35","guid":{"rendered":"http:\/\/www.hybriditesfrancechine.com\/en\/?page_id=192"},"modified":"2017-06-23T18:35:35","modified_gmt":"2017-06-23T17:35:35","slug":"li-ning","status":"publish","type":"page","link":"https:\/\/www.hybriditesfrancechine.com\/en\/partenaires\/artists\/li-ning\/","title":{"rendered":"LI Ning"},"content":{"rendered":"<hr \/>\n<p><img decoding=\"async\" loading=\"lazy\" class=\"aligncenter wp-image-194 \" src=\"http:\/\/www.hybriditesfrancechine.com\/en\/wp-content\/uploads\/sites\/2\/2017\/06\/c8997de513c04b0a93d18e6d03e4b434_th.jpg\" alt=\"\" width=\"609\" height=\"433\" \/><\/p>\n<p>&nbsp;<\/p>\n<p>Theater director, film director, sculptor, physical performance artist.<\/p>\n<p>As more and more of his works receive awards from and invitations to leading art and film festivals, 40-year-old Li Ning has already become one of the China\u2019s leading figures in experimental film and physical theater. After entering the sculpture program at Shandong Art School in 1993, he began studying modern dance and performance with renowned choreographer Jin Xing. In 1997 he founded his own physical arts collective \u201cJ-town Physical\u00a0Guerrillas\u00a0\u201d which has performed throughout Beijing, Shanghai, Hong Kong, Macau among others, and for the past twelve years, Li\u2019s \u201cMade in J-town Film Lab\u201d has lead the way in pushing China\u2019s boundaries of exploration in film and performance.<\/p>\n<p>Li\u2019s creative works as well as his critical analysis about art have circulated widely among and made a significant impact on the younger generation of China\u2019s creative community. As part of his long-term creative development, Li is developing ways to interweave three strands into an entirely new pedagogy and curriculum of physical training he calls \u201cDrawing Life Theater\u201d: researching new ways of training the body, creating work based on one\u2019s personal background, and visual arts theories of observation. The goal is to create a training method that would allow non-professionals to quickly enter the realm of performing arts as performers while also being useful for professionally trained artists. Currently he is practicing this training method in various schools and community centers throughout China in order to build a bridge between average citizens and the contemporary arts.<\/p>\n<p>The Physical Guerrillas is an activist-oriented,\u00a0physically-oriented\u00a0performance group.\u00a0Their performances have been selected and invited\u00a0to theatres and international art festivals worldwide. Their social and artistic agenda is to intervene in social events and create social space for\u00a0performance and action. For 15 years, they have been standing shoulder-to-shoulder with China\u2019s underclass, bringing their performances to both urban and rural areas, actively interacting with the \u201chere and now\u201d of society, and determinedly devoting themselves to the process of democratization in China.<\/p>\n<p>&nbsp;<\/p>\n<p>As the leader of the performance group, Li Ning has constantly fighting with exterior confinement and interior fear.<\/p>\n<p><b>\u00a0<\/b><\/p>\n<p>The end of the year,\u00a0\u00a0He received\u00a0the\u00a0support\u00a0of\u00a0theInternational Foundation,\u00a0to\u00a0complete his\u00a0work.\u00a0Such as\uff1a<\/p>\n<p><b>\uff02Doen Found&#8221;.<\/b>\u00a0Netherlands<b>\uff0c\u201cYoung Choreographers Project\u201d<\/b><\/p>\n<p><b>\u00a0<\/b><\/p>\n<p><b>\u201cChin-A-Moves\u201d,<\/b>\u00a0The European Union cultural project supports.<\/p>\n<p><b>\u201c<\/b>Indie Cinema Fund\u201d,Beijing,China<b>\u00a0<\/b><\/p>\n<p><b>\u00a0<\/b><\/p>\n<p><b>Exhibitions\u00a0and\u00a0Art\u00a0Festival\uff1a<\/b><\/p>\n<p><b>2016<\/b><\/p>\n<p>Le Festival d&#8217;Avignon\uff0cOff<\/p>\n<p>Wuzhen Theatre Festival, In<\/p>\n<p>Kochi-Muziris Biennale<\/p>\n<p><b>2015<\/b><\/p>\n<p><b>Sanxingdui Festival\uff0cIn<\/b><\/p>\n<p><b>Beijing Fringe Festival,<\/b><\/p>\n<p><b>2014<\/b><\/p>\n<p><b>Festival B:om\uff0cSeoul.<\/b><\/p>\n<p><b>Taiwan\u00a0International Documentry Film Festival, Taipei<\/b><\/p>\n<p><b>The Beijing Fringe Festival, Beijing.<\/b><\/p>\n<p><b>The 15<\/b><b><sup>Th<\/sup><\/b><b>\u00a0OPEN\u00a0International Performance Art Festival\uff0cBeijing.\u00a0<\/b><\/p>\n<p><b>\u00a0<\/b><\/p>\n<p>2013<\/p>\n<p>HONG KONG Independent Film Festival<\/p>\n<p>2012<\/p>\n<p>Festival Contempor\u00e2neo de Dan\u00e7a in S\u00e3o Paulo\u00a0 , Brazil.<\/p>\n<p>Tanzplattform in Dresden <b>\uff0c<\/b>German.<\/p>\n<p>SPRING FESTIVAL <b>\uff0c<\/b>Cherbourg. France<\/p>\n<p>Festival\/Tokyo\u00a02012<b>\uff0c<\/b>\u00a0&#8220;Residency East Asia Dialogue&#8221;,<\/p>\n<p><b>\u00a0<\/b><\/p>\n<p>2010<\/p>\n<p>Culture Scape <b>\uff0c<\/b>Switzerland<\/p>\n<p>Aurillac Art Festival <b>\uff0c <\/b>Aurillac<b>\uff0c <\/b>France<\/p>\n<p>Ghent\u00a0Arts Festival <b>\uff0c<\/b>Belgium<\/p>\n<p>2009<\/p>\n<p>\u201cI-Dance\u201d festival ,HongKong<\/p>\n<p>\u201cDance film screenings special\u201d<\/p>\n<p>DANSENS HUS\u00a0M\u00d8LLVERIEN 2\u00a0\uff0cOSLO\uff0cNorway.<\/p>\n<p>2008<\/p>\n<p>City Festival 2008<b>\uff0c<\/b>HongKong<\/p>\n<p>Chinese Contemporary Art Exhibition<b>\uff0c <\/b>Groningen, Netherlands<\/p>\n<p>Julidans Festival, 2008<b>\uff0c<\/b>Amsterdam, Netherlands<\/p>\n<p>2007<\/p>\n<p>Julidans Festival, 2007<b>\uff0c<\/b>Amsterdam, Netherlands<\/p>\n<p>&nbsp;<\/p>\n<p><b>WORKS:<\/b><\/p>\n<p><b>Theater Performance:<\/b><\/p>\n<p><b>\u00a0<\/b><i>The Life of J-town<\/i>\u00a0(2000);\u00a0<i>Dream\/Cord\/Bird\u2019s Egg<\/i>(2001);\u00a0<i>prepar<\/i>(2004);\u00a0<i>Cotton-wadded Quilt<\/i>\u00a0<i>Seven Days<\/i>\u00a0(2005);\u00a0<i>The Drawer<\/i>\u00a0(2006);\u00a0<i>Sticky Tape<\/i>(2008)<\/p>\n<p><i>Preparing<\/i><b>\uff08<\/b>2009<b>\uff09<\/b>.Absence(2010). The Freeze\/Satellitte (2011). Limbs (2012)<\/p>\n<p><b>Site-Specific works\u00a0and performance:<\/b><\/p>\n<p><i>Fable<\/i>\u00a0(2005);\u00a0<i>Crisis<\/i>\u00a0(2007);<i>\u00a0Han Kou Show(2009),<\/i><i>Protest against the\u00a0Department of Education(2010) ,\u00a0Southern Weekend\u00a0(2013)<\/i><\/p>\n<p><b>Film:<\/b><\/p>\n<p><i>Objects<\/i>\u00a0(2002);\u00a0<i>Untitled-3<\/i>\u00a0(2003);\u00a0<i>Shadow\u2019s body (2004);<\/i><i>1966\/1986\/2006<\/i>\u00a0(2006);\u00a0<i>Unfinished-2<\/i>(2007);\u00a0<i>Land\u00a0Forms 2<\/i>\u00a0(2008);\u00a0<i>Tape<\/i>\u00a0(2010),<i>The Homecoming of The Body\u00a0(2012)\u2026<\/i><\/p>\n<p><b>Painting, Photography, Etc:<\/b><\/p>\n<p><i>Presentiment of Destruction<\/i>\u00a0(2007), etc.<\/p>\n<p><b>\u00a0<\/b><\/p>\n<p><b>AWARDS:<\/b><\/p>\n<p>2002:\u00a0<i>Dream\/Cord\/Bird\u2019s Egg<\/i>\u00a0&#8211; Gold medal in the Beijing International Modern<\/p>\n<p>Dance Week<\/p>\n<p>2003:\u00a0<i>Untitled-3<\/i>\u00a0&#8211; Critic\u2019s Choice in Hong Kong\u2019s Jumping Frames Dance Video<\/p>\n<p>Festival<\/p>\n<p>2003: Named\u00a0\u201cNew China Dance Youth\u201d\u00a0by Hong Kong Cultural Development<\/p>\n<p>Bureau<\/p>\n<p>2005: Invited to participate in Beijing Dashanzi International Art Festival (DIAF)<\/p>\n<p>Video Forum<\/p>\n<p>2006: Gold medal from The Netherlands Done Foundation\u00a0\u201cYoung Directors Project\u201d<\/p>\n<p><i>Land Forms 2<\/i>\u00a0commissioned by Julidans Festival in The Netherlands<\/p>\n<p>2007:\u00a0<i>1966\/1986\/2006<\/i>\u00a0&#8211; highest honors at Shanghai Mecooon Freedom Film Festival<\/p>\n<p><i>Day of Tape<\/i>\u00a0&#8211; highest award for creativity in Shanghai Idea Art Festival<\/p>\n<p>2008:\u00a0<i>Unfinished-2<\/i>\u00a0&#8211; highest award for experimental short in Fifth Annual China<\/p>\n<p>Independent Film Festival<\/p>\n<p><i>Land Forms 2<\/i>\u00a0&#8211; highest award for experimental film in the Third Annual Beijing<\/p>\n<p>Independent Film Festival<\/p>\n<p>2009:\u00a0<i>Sticky Tape<\/i>\u00a0&#8211; grant from EU-China young directors exchange project<\/p>\n<p>\u201cChin-A-Moves\u201d<\/p>\n<p><i>Land Forms 2<\/i>\u00a0screened at 24<sup>th<\/sup>\u00a0Torino International Gay&amp; Lesbian Film Festival<\/p>\n<p><b>2010. \u00a0<\/b><\/p>\n<p><b>The 7<\/b><b><sup>th<\/sup><\/b><b>\u00a0\u00a0China Independent Film Festival,<\/b><b>\u00a0Excellent Award<\/b><\/p>\n<p><b>2011.<\/b><\/p>\n<p><b>The 40<\/b><b><sup>th<\/sup><\/b><b>\u00a0Independt Film \u00a0Festival Rotterdam, Official Selection<\/b><\/p>\n<p><b>The 5<\/b><b><sup>th<\/sup><\/b><b>\u00a0YunFes\u00a0<\/b><b>Documentary Festival, Silver Digital Award<\/b><\/p>\n<p><b>2011<\/b><\/p>\n<p><b>Beijing\u00a0Fringe Festival,\u00a0the\u00a0best\u00a0cross-borderexperiment\u00a0Award<\/b><\/p>\n<p><b>The 10<\/b><b><sup>th<\/sup><\/b><b>\u00a0MoMA Documentary Fortnight,\u00a0Official Selection<\/b><\/p>\n<p><b>The 12<\/b><b><sup>th<\/sup><\/b><b>\u00a0<\/b><b>Jeonju International Film Festival,<\/b><b>\u00a0<\/b><b>Official Selection<\/b><\/p>\n","protected":false},"excerpt":{"rendered":"<p>&nbsp; Theater director, film director, sculptor, physical performance artist. As more and more of his works receive awards from and invitations to leading art and film festivals, 40-year-old Li Ning has already become one of the China\u2019s leading figures in experimental film and physical theater. After entering the sculpture program at Shandong Art School in [&hellip;]<\/p>\n","protected":false},"author":4,"featured_media":0,"parent":190,"menu_order":0,"comment_status":"closed","ping_status":"closed","template":"","meta":[],"_links":{"self":[{"href":"https:\/\/www.hybriditesfrancechine.com\/en\/wp-json\/wp\/v2\/pages\/192"}],"collection":[{"href":"https:\/\/www.hybriditesfrancechine.com\/en\/wp-json\/wp\/v2\/pages"}],"about":[{"href":"https:\/\/www.hybriditesfrancechine.com\/en\/wp-json\/wp\/v2\/types\/page"}],"author":[{"embeddable":true,"href":"https:\/\/www.hybriditesfrancechine.com\/en\/wp-json\/wp\/v2\/users\/4"}],"replies":[{"embeddable":true,"href":"https:\/\/www.hybriditesfrancechine.com\/en\/wp-json\/wp\/v2\/comments?post=192"}],"version-history":[{"count":1,"href":"https:\/\/www.hybriditesfrancechine.com\/en\/wp-json\/wp\/v2\/pages\/192\/revisions"}],"predecessor-version":[{"id":195,"href":"https:\/\/www.hybriditesfrancechine.com\/en\/wp-json\/wp\/v2\/pages\/192\/revisions\/195"}],"up":[{"embeddable":true,"href":"https:\/\/www.hybriditesfrancechine.com\/en\/wp-json\/wp\/v2\/pages\/190"}],"wp:attachment":[{"href":"https:\/\/www.hybriditesfrancechine.com\/en\/wp-json\/wp\/v2\/media?parent=192"}],"curies":[{"name":"wp","href":"https:\/\/api.w.org\/{rel}","templated":true}]}}