{"id":2,"date":"2016-01-18T13:48:42","date_gmt":"2016-01-18T12:48:42","guid":{"rendered":"http:\/\/www.hybriditesfrancechine.com\/en\/?page_id=2"},"modified":"2017-06-30T13:29:45","modified_gmt":"2017-06-30T12:29:45","slug":"presentation-en","status":"publish","type":"page","link":"https:\/\/www.hybriditesfrancechine.com\/en\/presentation-en\/","title":{"rendered":"Presentation"},"content":{"rendered":"<h4><strong>Few words about the organisation\u00a0Hybridit\u00e9s France-Chine<\/strong><\/h4>\n<p><strong><a href=\"http:\/\/www.hybriditesfrancechine.com\/wp-content\/uploads\/2016\/01\/cropped-logo_100.jpg\" rel=\"attachment wp-att-177\"><img decoding=\"async\" loading=\"lazy\" class=\"size-full wp-image-177 aligncenter\" src=\"http:\/\/www.hybriditesfrancechine.com\/wp-content\/uploads\/2016\/01\/cropped-logo_100.jpg\" alt=\"cropped-logo_100.jpg\" width=\"219\" height=\"100\" \/><\/a><\/strong><\/p>\n<p class=\"p1\"><span class=\"s1\">Hybridit\u00e9s France-Chine was founded by an French scholars of theatre at Paris-Ouest-Nanterre-La D\u00e9fense University and a senior professor of French University Institute, Christian Biet and a Chinese theater producer and playwright and an arts festival curator, Wang Jing.<\/span><\/p>\n<p class=\"p1\"><span class=\"s1\">Our members are made up of artist, playwright, curator, artistic director and scholars from France and China. We aim to promote cultural exchange and cooperation between China and France, and other Francophone countries, especially in the field of stage art and contemporary art. <\/span><\/p>\n<p class=\"p1\"><span class=\"s1\">&#8220;Dialogue between the arts workers of different cultural backgrounds can be converted into a source of inspiration to each other. What we are looking for from others is sometimes the most beautiful but the least invisible part of ourselves.&#8221; <\/span><\/p>\n<p class=\"p1\"><span class=\"s1\">With numerous cooperations with arts festivals and theaters in Europe, Hybridit\u00e9s France-Chine have accomplished many intercultural projects such as theater exchange, art festival theme planning, exhibition planning, theater workshops, international academic conference, academic journal publishing, film critic alliance, etc.<\/span><\/p>\n","protected":false},"excerpt":{"rendered":"<p>Few words about the organisation\u00a0Hybridit\u00e9s France-Chine Hybridit\u00e9s France-Chine was founded by an French scholars of theatre at Paris-Ouest-Nanterre-La D\u00e9fense University and a senior professor of French University Institute, Christian Biet and a Chinese theater producer and playwright and an arts festival curator, Wang Jing. Our members are made up of artist, playwright, curator, artistic director [&hellip;]<\/p>\n","protected":false},"author":1,"featured_media":0,"parent":0,"menu_order":0,"comment_status":"closed","ping_status":"open","template":"","meta":[],"_links":{"self":[{"href":"https:\/\/www.hybriditesfrancechine.com\/en\/wp-json\/wp\/v2\/pages\/2"}],"collection":[{"href":"https:\/\/www.hybriditesfrancechine.com\/en\/wp-json\/wp\/v2\/pages"}],"about":[{"href":"https:\/\/www.hybriditesfrancechine.com\/en\/wp-json\/wp\/v2\/types\/page"}],"author":[{"embeddable":true,"href":"https:\/\/www.hybriditesfrancechine.com\/en\/wp-json\/wp\/v2\/users\/1"}],"replies":[{"embeddable":true,"href":"https:\/\/www.hybriditesfrancechine.com\/en\/wp-json\/wp\/v2\/comments?post=2"}],"version-history":[{"count":6,"href":"https:\/\/www.hybriditesfrancechine.com\/en\/wp-json\/wp\/v2\/pages\/2\/revisions"}],"predecessor-version":[{"id":61,"href":"https:\/\/www.hybriditesfrancechine.com\/en\/wp-json\/wp\/v2\/pages\/2\/revisions\/61"}],"wp:attachment":[{"href":"https:\/\/www.hybriditesfrancechine.com\/en\/wp-json\/wp\/v2\/media?parent=2"}],"curies":[{"name":"wp","href":"https:\/\/api.w.org\/{rel}","templated":true}]}}